{"id":38,"date":"2023-12-21T00:55:30","date_gmt":"2023-12-21T00:55:30","guid":{"rendered":"https:\/\/www.mejorciudadano.cl\/2024\/?page_id=38"},"modified":"2024-10-28T01:28:36","modified_gmt":"2024-10-28T01:28:36","slug":"nuestro-enfoque","status":"publish","type":"page","link":"https:\/\/www.mejorciudadano.cl\/2024\/nuestro-enfoque\/","title":{"rendered":"Nuestro Enfoque"},"content":{"rendered":"\t\t<div data-elementor-type=\"wp-page\" data-elementor-id=\"38\" class=\"elementor elementor-38\" data-elementor-post-type=\"page\">\n\t\t\t\t<div class=\"aux-parallax-section elementor-element elementor-element-5f9a98b e-flex e-con-boxed e-con e-parent\" data-id=\"5f9a98b\" data-element_type=\"container\">\n\t\t\t\t\t<div class=\"e-con-inner\">\n\t\t\t\t<div class=\"elementor-element elementor-element-f09e3aa elementor-widget elementor-widget-heading\" data-id=\"f09e3aa\" data-element_type=\"widget\" data-widget_type=\"heading.default\">\n\t\t\t\t<div class=\"elementor-widget-container\">\n\t\t\t\t\t<h2 class=\"elementor-heading-title elementor-size-default\">CIUDADANO DEL FUTURO<\/h2>\t\t\t\t<\/div>\n\t\t\t\t<\/div>\n\t\t\t\t<div class=\"elementor-element elementor-element-cf03f78 elementor-widget elementor-widget-text-editor\" data-id=\"cf03f78\" data-element_type=\"widget\" data-widget_type=\"text-editor.default\">\n\t\t\t\t<div class=\"elementor-widget-container\">\n\t\t\t\t\t\t\t\t\t<p>Todos nuestros servicios se caracterizan por la integraci\u00f3n de competencias que respondan a las necesidades de la educaci\u00f3n del siglo XXI.<\/p><p>\u00a0<\/p>\t\t\t\t\t\t\t\t<\/div>\n\t\t\t\t<\/div>\n\t\t\t\t\t<\/div>\n\t\t\t\t<\/div>\n\t\t<div class=\"aux-parallax-section elementor-element elementor-element-753255a e-flex e-con-boxed e-con e-parent\" data-id=\"753255a\" data-element_type=\"container\">\n\t\t\t\t\t<div class=\"e-con-inner\">\n\t\t<div class=\"elementor-element elementor-element-a07a739 e-con-full e-flex e-con e-child\" data-id=\"a07a739\" data-element_type=\"container\">\n\t\t\t\t<div class=\"elementor-element elementor-element-837eea1 elementor-widget elementor-widget-image\" data-id=\"837eea1\" data-element_type=\"widget\" data-widget_type=\"image.default\">\n\t\t\t\t<div class=\"elementor-widget-container\">\n\t\t\t\t\t\t\t\t\t\t\t\t\t\t\t<img fetchpriority=\"high\" decoding=\"async\" width=\"650\" height=\"650\" src=\"https:\/\/www.mejorciudadano.cl\/2024\/wp-content\/uploads\/2024\/10\/ciudadano_consciente.jpg\" class=\"attachment-large size-large wp-image-220\" alt=\"\" srcset=\"https:\/\/www.mejorciudadano.cl\/2024\/wp-content\/uploads\/2024\/10\/ciudadano_consciente.jpg 650w, https:\/\/www.mejorciudadano.cl\/2024\/wp-content\/uploads\/2024\/10\/ciudadano_consciente-300x300.jpg 300w, https:\/\/www.mejorciudadano.cl\/2024\/wp-content\/uploads\/2024\/10\/ciudadano_consciente-150x150.jpg 150w\" sizes=\"(max-width: 650px) 100vw, 650px\" \/>\t\t\t\t\t\t\t\t\t\t\t\t\t\t\t<\/div>\n\t\t\t\t<\/div>\n\t\t\t\t<\/div>\n\t\t<div class=\"elementor-element elementor-element-8d4d90b e-con-full e-flex e-con e-child\" data-id=\"8d4d90b\" data-element_type=\"container\">\n\t\t<div class=\"elementor-element elementor-element-8a89b57 e-con-full e-flex e-con e-child\" data-id=\"8a89b57\" data-element_type=\"container\">\n\t\t\t\t<div class=\"elementor-element elementor-element-6caf4c7 elementor-widget elementor-widget-heading\" data-id=\"6caf4c7\" data-element_type=\"widget\" data-widget_type=\"heading.default\">\n\t\t\t\t<div class=\"elementor-widget-container\">\n\t\t\t\t\t<h2 class=\"elementor-heading-title elementor-size-default\">CIUDADANO CONSCIENTE<\/h2>\t\t\t\t<\/div>\n\t\t\t\t<\/div>\n\t\t\t\t<\/div>\n\t\t<div class=\"elementor-element elementor-element-76c3e85 e-con-full e-flex e-con e-child\" data-id=\"76c3e85\" data-element_type=\"container\">\n\t\t\t\t<div class=\"elementor-element elementor-element-1eea0b4 elementor-widget elementor-widget-text-editor\" data-id=\"1eea0b4\" data-element_type=\"widget\" data-widget_type=\"text-editor.default\">\n\t\t\t\t<div class=\"elementor-widget-container\">\n\t\t\t\t\t\t\t\t\t<p>Educar para la vida es el lema de un ciudadano consciente y este desde su formaci\u00f3n se enfrenta a diversos desaf\u00edos que el autoconocimiento y el de su entorno podr\u00e1 otorgarle, adquiriendo as\u00ed las mejores herramientas para seguir una ruta de vida.<\/p><p>\u00c1reas de impacto:<\/p><p><strong>Socioemocional<\/strong>: Resignifica los espacios de participaci\u00f3n gestionando sus emociones y articulando estrategias que valoren y potencien la diversidad individual y colectiva presente en su entorno.<\/p><p><strong>Liderazgo<\/strong>: Define planes de acci\u00f3n frente a la vida desde el rol que como ciudadano va a desempe\u00f1ar, integrando la comunidad educativa, las familias y las conexiones con el mundo.<\/p>\t\t\t\t\t\t\t\t<\/div>\n\t\t\t\t<\/div>\n\t\t\t\t<\/div>\n\t\t\t\t<\/div>\n\t\t\t\t\t<\/div>\n\t\t\t\t<\/div>\n\t\t<div class=\"aux-parallax-section elementor-element elementor-element-d29aaac e-flex e-con-boxed e-con e-parent\" data-id=\"d29aaac\" data-element_type=\"container\">\n\t\t\t\t\t<div class=\"e-con-inner\">\n\t\t<div class=\"elementor-element elementor-element-2223b9b e-con-full e-flex e-con e-child\" data-id=\"2223b9b\" data-element_type=\"container\">\n\t\t\t\t<div class=\"elementor-element elementor-element-fc250a1 elementor-widget elementor-widget-image\" data-id=\"fc250a1\" data-element_type=\"widget\" data-widget_type=\"image.default\">\n\t\t\t\t<div class=\"elementor-widget-container\">\n\t\t\t\t\t\t\t\t\t\t\t\t\t\t\t<img decoding=\"async\" width=\"650\" height=\"650\" src=\"https:\/\/www.mejorciudadano.cl\/2024\/wp-content\/uploads\/2024\/10\/ciudadano_digital.jpg\" class=\"attachment-large size-large wp-image-230\" alt=\"\" srcset=\"https:\/\/www.mejorciudadano.cl\/2024\/wp-content\/uploads\/2024\/10\/ciudadano_digital.jpg 650w, https:\/\/www.mejorciudadano.cl\/2024\/wp-content\/uploads\/2024\/10\/ciudadano_digital-300x300.jpg 300w, https:\/\/www.mejorciudadano.cl\/2024\/wp-content\/uploads\/2024\/10\/ciudadano_digital-150x150.jpg 150w\" sizes=\"(max-width: 650px) 100vw, 650px\" \/>\t\t\t\t\t\t\t\t\t\t\t\t\t\t\t<\/div>\n\t\t\t\t<\/div>\n\t\t\t\t<\/div>\n\t\t<div class=\"elementor-element elementor-element-4ed6032 e-con-full e-flex e-con e-child\" data-id=\"4ed6032\" data-element_type=\"container\">\n\t\t<div class=\"elementor-element elementor-element-b8eefa1 e-con-full e-flex e-con e-child\" data-id=\"b8eefa1\" data-element_type=\"container\">\n\t\t\t\t<div class=\"elementor-element elementor-element-5313694 elementor-widget elementor-widget-heading\" data-id=\"5313694\" data-element_type=\"widget\" data-widget_type=\"heading.default\">\n\t\t\t\t<div class=\"elementor-widget-container\">\n\t\t\t\t\t<h2 class=\"elementor-heading-title elementor-size-default\">CIUDADANO DIGITAL<\/h2>\t\t\t\t<\/div>\n\t\t\t\t<\/div>\n\t\t\t\t<\/div>\n\t\t<div class=\"elementor-element elementor-element-2b91678 e-con-full e-flex e-con e-child\" data-id=\"2b91678\" data-element_type=\"container\">\n\t\t\t\t<div class=\"elementor-element elementor-element-52d5145 elementor-widget elementor-widget-text-editor\" data-id=\"52d5145\" data-element_type=\"widget\" data-widget_type=\"text-editor.default\">\n\t\t\t\t<div class=\"elementor-widget-container\">\n\t\t\t\t\t\t\t\t\t<p>Un ciudadano digital es aquel que piensa la vida desde el intercambio y bien com\u00fan que pueda potenciar su rol y el de todo aquel que busque aprender en ecosistemas de aprendizaje digital. Por esta raz\u00f3n, opta por integrar a su vida aquellos conocimientos, habilidades y actitudes de manera natural, de modo de lograr experiencias de un aprendizaje de alto impacto. Construye un perfil de ciudadano que no solo consume, sino que produce, crea, innova y colabora desde la era digital.<\/p><p>\u00c1rea de impacto:<\/p><p><strong>Educador Digital<\/strong>: Discrimina, adquiere y crea contenido educativo integr\u00e1ndolo en su pr\u00e1ctica pedag\u00f3gica.<\/p><p><strong>Educador Innovador Digital<\/strong>: Crea e integra met\u00f3dicamente aplicaciones educativas generando un ecosistema de aprendizaje.<\/p>\t\t\t\t\t\t\t\t<\/div>\n\t\t\t\t<\/div>\n\t\t\t\t<\/div>\n\t\t\t\t<\/div>\n\t\t\t\t\t<\/div>\n\t\t\t\t<\/div>\n\t\t<div class=\"aux-parallax-section elementor-element elementor-element-33e05f7 e-flex e-con-boxed e-con e-parent\" data-id=\"33e05f7\" data-element_type=\"container\">\n\t\t\t\t\t<div class=\"e-con-inner\">\n\t\t<div class=\"elementor-element elementor-element-7532ae1 e-con-full e-flex e-con e-child\" data-id=\"7532ae1\" data-element_type=\"container\">\n\t\t\t\t<div class=\"elementor-element elementor-element-6a13fc5 elementor-widget elementor-widget-image\" data-id=\"6a13fc5\" data-element_type=\"widget\" data-widget_type=\"image.default\">\n\t\t\t\t<div class=\"elementor-widget-container\">\n\t\t\t\t\t\t\t\t\t\t\t\t\t\t\t<img decoding=\"async\" width=\"650\" height=\"650\" src=\"https:\/\/www.mejorciudadano.cl\/2024\/wp-content\/uploads\/2024\/10\/ciudadano_global.jpg\" class=\"attachment-large size-large wp-image-231\" alt=\"\" srcset=\"https:\/\/www.mejorciudadano.cl\/2024\/wp-content\/uploads\/2024\/10\/ciudadano_global.jpg 650w, https:\/\/www.mejorciudadano.cl\/2024\/wp-content\/uploads\/2024\/10\/ciudadano_global-300x300.jpg 300w, https:\/\/www.mejorciudadano.cl\/2024\/wp-content\/uploads\/2024\/10\/ciudadano_global-150x150.jpg 150w\" sizes=\"(max-width: 650px) 100vw, 650px\" \/>\t\t\t\t\t\t\t\t\t\t\t\t\t\t\t<\/div>\n\t\t\t\t<\/div>\n\t\t\t\t<\/div>\n\t\t<div class=\"elementor-element elementor-element-87cb353 e-con-full e-flex e-con e-child\" data-id=\"87cb353\" data-element_type=\"container\">\n\t\t<div class=\"elementor-element elementor-element-8d67b6c e-con-full e-flex e-con e-child\" data-id=\"8d67b6c\" data-element_type=\"container\">\n\t\t\t\t<div class=\"elementor-element elementor-element-5ef570a elementor-widget elementor-widget-heading\" data-id=\"5ef570a\" data-element_type=\"widget\" data-widget_type=\"heading.default\">\n\t\t\t\t<div class=\"elementor-widget-container\">\n\t\t\t\t\t<h2 class=\"elementor-heading-title elementor-size-default\">CIUDADANO GLOBAL<\/h2>\t\t\t\t<\/div>\n\t\t\t\t<\/div>\n\t\t\t\t<\/div>\n\t\t<div class=\"elementor-element elementor-element-42a6132 e-con-full e-flex e-con e-child\" data-id=\"42a6132\" data-element_type=\"container\">\n\t\t\t\t<div class=\"elementor-element elementor-element-d308c99 elementor-widget elementor-widget-text-editor\" data-id=\"d308c99\" data-element_type=\"widget\" data-widget_type=\"text-editor.default\">\n\t\t\t\t<div class=\"elementor-widget-container\">\n\t\t\t\t\t\t\t\t\t<p>El ciudadano global se deconstruye y construye en la constante interacci\u00f3n entre su entorno local y global, por ello tiene el compromiso de relacionarse con sus pares, de construir un espacio de futuro que considere el avance tecnol\u00f3gico, la incertidumbre y el cambio como un sello de vida y no un problema.<\/p><p>\u00c1reas de impacto Global<\/p><p><strong>Formaci\u00f3n Ciudadana<\/strong>: La comunidad educativa empoderada desde espacios de reflexi\u00f3n y participaci\u00f3n, co-construyendo sus planes de formaci\u00f3n ciudadana de manera integrada, con visi\u00f3n de ciudadano que se est\u00e1 formando e impacta en su entorno.<\/p><p><strong>Convivencia Escolar<\/strong>: La forma es como nos relacionamos impacta directamente en la pregunta \u00bfC\u00f3mo lo lograremos?, por ello las necesidades de cada instituci\u00f3n exigen forma de abordar y enfrentar esos desaf\u00edos desde los cimientos propios de cada instituci\u00f3n y la convivencia entre personas que integran su comunidad.<\/p>\t\t\t\t\t\t\t\t<\/div>\n\t\t\t\t<\/div>\n\t\t\t\t<\/div>\n\t\t\t\t<\/div>\n\t\t\t\t\t<\/div>\n\t\t\t\t<\/div>\n\t\t\t\t<\/div>\n\t\t","protected":false},"excerpt":{"rendered":"<p>CIUDADANO DEL FUTURO Todos nuestros servicios se caracterizan por la integraci\u00f3n de competencias que respondan a las necesidades de la educaci\u00f3n del siglo XXI. \u00a0 CIUDADANO CONSCIENTE Educar para la vida es el lema de un ciudadano consciente y este desde su formaci\u00f3n se enfrenta a diversos desaf\u00edos que el autoconocimiento y el de su [&hellip;]<\/p>\n","protected":false},"author":1,"featured_media":0,"parent":0,"menu_order":0,"comment_status":"closed","ping_status":"closed","template":"","meta":{"footnotes":""},"class_list":["post-38","page","type-page","status-publish","hentry"],"_links":{"self":[{"href":"https:\/\/www.mejorciudadano.cl\/2024\/wp-json\/wp\/v2\/pages\/38","targetHints":{"allow":["GET"]}}],"collection":[{"href":"https:\/\/www.mejorciudadano.cl\/2024\/wp-json\/wp\/v2\/pages"}],"about":[{"href":"https:\/\/www.mejorciudadano.cl\/2024\/wp-json\/wp\/v2\/types\/page"}],"author":[{"embeddable":true,"href":"https:\/\/www.mejorciudadano.cl\/2024\/wp-json\/wp\/v2\/users\/1"}],"replies":[{"embeddable":true,"href":"https:\/\/www.mejorciudadano.cl\/2024\/wp-json\/wp\/v2\/comments?post=38"}],"version-history":[{"count":28,"href":"https:\/\/www.mejorciudadano.cl\/2024\/wp-json\/wp\/v2\/pages\/38\/revisions"}],"predecessor-version":[{"id":247,"href":"https:\/\/www.mejorciudadano.cl\/2024\/wp-json\/wp\/v2\/pages\/38\/revisions\/247"}],"wp:attachment":[{"href":"https:\/\/www.mejorciudadano.cl\/2024\/wp-json\/wp\/v2\/media?parent=38"}],"curies":[{"name":"wp","href":"https:\/\/api.w.org\/{rel}","templated":true}]}}