{"id":36,"date":"2023-12-21T00:54:59","date_gmt":"2023-12-21T00:54:59","guid":{"rendered":"https:\/\/www.mejorciudadano.cl\/2024\/?page_id=36"},"modified":"2024-10-27T23:22:44","modified_gmt":"2024-10-27T23:22:44","slug":"el-equipo","status":"publish","type":"page","link":"https:\/\/www.mejorciudadano.cl\/2024\/el-equipo\/","title":{"rendered":"El Equipo"},"content":{"rendered":"\t\t<div data-elementor-type=\"wp-page\" data-elementor-id=\"36\" class=\"elementor elementor-36\" data-elementor-post-type=\"page\">\n\t\t\t\t<div class=\"aux-parallax-section elementor-element elementor-element-31bddba e-flex e-con-boxed e-con e-parent\" data-id=\"31bddba\" data-element_type=\"container\">\n\t\t\t\t\t<div class=\"e-con-inner\">\n\t\t<div class=\"elementor-element elementor-element-ef2cd13 e-con-full e-flex e-con e-child\" data-id=\"ef2cd13\" data-element_type=\"container\">\n\t\t<div class=\"elementor-element elementor-element-c359691 e-con-full e-flex e-con e-child\" data-id=\"c359691\" data-element_type=\"container\">\n\t\t\t\t<div class=\"elementor-element elementor-element-fa53b95 elementor-testimonial--skin-bubble elementor-testimonial--layout-image_above elementor-testimonial--align-left elementor-arrows-yes elementor-pagination-type-bullets elementor-widget elementor-widget-testimonial-carousel\" data-id=\"fa53b95\" data-element_type=\"widget\" data-settings=\"{&quot;show_arrows&quot;:&quot;yes&quot;,&quot;pagination&quot;:&quot;bullets&quot;,&quot;speed&quot;:500,&quot;autoplay&quot;:&quot;yes&quot;,&quot;autoplay_speed&quot;:5000,&quot;loop&quot;:&quot;yes&quot;,&quot;pause_on_hover&quot;:&quot;yes&quot;,&quot;pause_on_interaction&quot;:&quot;yes&quot;,&quot;space_between&quot;:{&quot;unit&quot;:&quot;px&quot;,&quot;size&quot;:10,&quot;sizes&quot;:[]},&quot;space_between_tablet&quot;:{&quot;unit&quot;:&quot;px&quot;,&quot;size&quot;:10,&quot;sizes&quot;:[]},&quot;space_between_mobile&quot;:{&quot;unit&quot;:&quot;px&quot;,&quot;size&quot;:10,&quot;sizes&quot;:[]}}\" data-widget_type=\"testimonial-carousel.default\">\n\t\t\t\t<div class=\"elementor-widget-container\">\n\t\t\t\t\t\t\t<div class=\"elementor-swiper\">\n\t\t\t<div class=\"elementor-main-swiper swiper-container\">\n\t\t\t\t<div class=\"swiper-wrapper\">\n\t\t\t\t\t\t\t\t\t\t\t<div class=\"swiper-slide\">\n\t\t\t\t\t\t\t\t\t<div class=\"elementor-testimonial\">\n\t\t\t\t\t\t\t<div class=\"elementor-testimonial__content\">\n\t\t\t\t\t<div class=\"elementor-testimonial__text\">\n\t\t\t\t\t\tIngeniera en Marketing, Master en gesti\u00f3n comercial y marketing, Magister en direcci\u00f3n y liderazgo para la gesti\u00f3n educativa, Coach Otol\u00f3gico. Diplomado en Liderazgo Emocional.\nM\u00e1s de 15 a\u00f1os vinculada al \u00e1rea de educaci\u00f3n, con especializaci\u00f3n en la entrega de soluciones educativas a cada instituci\u00f3n ajustada a sus requerimientos y contenido educativo.\t\t\t\t\t<\/div>\n\t\t\t\t\t\t\t\t\t<\/div>\n\t\t\t\t\t\t<div class=\"elementor-testimonial__footer\">\n\t\t\t\t\t\t\t\t\t<div class=\"elementor-testimonial__image\">\n\t\t\t\t\t\t<img decoding=\"async\" src=\"https:\/\/www.mejorciudadano.cl\/2024\/wp-content\/uploads\/2024\/10\/vmg.png\" alt=\"Viviana Mar\u00edn Guti\u00e9rrez\">\n\t\t\t\t\t\t\t\t\t\t\t<\/div>\n\t\t\t\t\t\t\t\t<cite class=\"elementor-testimonial__cite\"><span class=\"elementor-testimonial__name\">Viviana Mar\u00edn Guti\u00e9rrez<\/span><span class=\"elementor-testimonial__title\">Direcci\u00f3n de Negocios<\/span><\/cite>\t\t\t<\/div>\n\t\t<\/div>\n\t\t\t\t\t\t\t\t<\/div>\n\t\t\t\t\t\t\t\t\t<\/div>\n\t\t\t\t\t\t\t<\/div>\n\t\t<\/div>\n\t\t\t\t\t\t<\/div>\n\t\t\t\t<\/div>\n\t\t\t\t<\/div>\n\t\t\t\t<\/div>\n\t\t<div class=\"elementor-element elementor-element-acbb5d9 e-con-full e-flex e-con e-child\" data-id=\"acbb5d9\" data-element_type=\"container\">\n\t\t<div class=\"elementor-element elementor-element-b19dcb1 e-con-full e-flex e-con e-child\" data-id=\"b19dcb1\" data-element_type=\"container\">\n\t\t\t\t<div class=\"elementor-element elementor-element-46cef7e elementor-widget elementor-widget-image\" data-id=\"46cef7e\" data-element_type=\"widget\" data-widget_type=\"image.default\">\n\t\t\t\t<div class=\"elementor-widget-container\">\n\t\t\t\t\t\t\t\t\t\t\t\t\t\t\t<img decoding=\"async\" width=\"200\" height=\"46\" src=\"https:\/\/www.mejorciudadano.cl\/2024\/wp-content\/uploads\/2024\/10\/logo_mejor_ciudadano-200x46-1.png\" class=\"attachment-large size-large wp-image-95\" alt=\"\" \/>\t\t\t\t\t\t\t\t\t\t\t\t\t\t\t<\/div>\n\t\t\t\t<\/div>\n\t\t\t\t<\/div>\n\t\t\t\t<\/div>\n\t\t<div class=\"elementor-element elementor-element-1b5e105 e-con-full e-flex e-con e-child\" data-id=\"1b5e105\" data-element_type=\"container\">\n\t\t<div class=\"elementor-element elementor-element-a6e6edb e-con-full e-flex e-con e-child\" data-id=\"a6e6edb\" data-element_type=\"container\">\n\t\t\t\t<div class=\"elementor-element elementor-element-5182709 elementor-testimonial--skin-bubble elementor-testimonial--layout-image_above elementor-testimonial--align-left elementor-arrows-yes elementor-pagination-type-bullets elementor-widget elementor-widget-testimonial-carousel\" data-id=\"5182709\" data-element_type=\"widget\" data-settings=\"{&quot;show_arrows&quot;:&quot;yes&quot;,&quot;pagination&quot;:&quot;bullets&quot;,&quot;speed&quot;:500,&quot;autoplay&quot;:&quot;yes&quot;,&quot;autoplay_speed&quot;:5000,&quot;loop&quot;:&quot;yes&quot;,&quot;pause_on_hover&quot;:&quot;yes&quot;,&quot;pause_on_interaction&quot;:&quot;yes&quot;,&quot;space_between&quot;:{&quot;unit&quot;:&quot;px&quot;,&quot;size&quot;:10,&quot;sizes&quot;:[]},&quot;space_between_tablet&quot;:{&quot;unit&quot;:&quot;px&quot;,&quot;size&quot;:10,&quot;sizes&quot;:[]},&quot;space_between_mobile&quot;:{&quot;unit&quot;:&quot;px&quot;,&quot;size&quot;:10,&quot;sizes&quot;:[]}}\" data-widget_type=\"testimonial-carousel.default\">\n\t\t\t\t<div class=\"elementor-widget-container\">\n\t\t\t\t\t\t\t<div class=\"elementor-swiper\">\n\t\t\t<div class=\"elementor-main-swiper swiper-container\">\n\t\t\t\t<div class=\"swiper-wrapper\">\n\t\t\t\t\t\t\t\t\t\t\t<div class=\"swiper-slide\">\n\t\t\t\t\t\t\t\t\t<div class=\"elementor-testimonial\">\n\t\t\t\t\t\t\t<div class=\"elementor-testimonial__content\">\n\t\t\t\t\t<div class=\"elementor-testimonial__text\">\n\t\t\t\t\t\tIngeniero Civil Industrial, Master en direcci\u00f3n estrat\u00e9gica y gesti\u00f3n de la innovaci\u00f3n, Magister en direcci\u00f3n de liderazgo para la gesti\u00f3n educativa.\n20 a\u00f1os de experiencia vinculada al \u00e1rea de la educaci\u00f3n con especializaci\u00f3n en gesti\u00f3n de compras publicas y gesti\u00f3n de procesos.\t\t\t\t\t<\/div>\n\t\t\t\t\t\t\t\t\t<\/div>\n\t\t\t\t\t\t<div class=\"elementor-testimonial__footer\">\n\t\t\t\t\t\t\t\t\t<div class=\"elementor-testimonial__image\">\n\t\t\t\t\t\t<img decoding=\"async\" src=\"https:\/\/www.mejorciudadano.cl\/2024\/wp-content\/uploads\/2024\/10\/german_.png\" alt=\"Germ\u00e1n Urrutia Gar\u00edn\">\n\t\t\t\t\t\t\t\t\t\t\t<\/div>\n\t\t\t\t\t\t\t\t<cite class=\"elementor-testimonial__cite\"><span class=\"elementor-testimonial__name\">Germ\u00e1n Urrutia Gar\u00edn<\/span><span class=\"elementor-testimonial__title\">Director Ejecutivo<\/span><\/cite>\t\t\t<\/div>\n\t\t<\/div>\n\t\t\t\t\t\t\t\t<\/div>\n\t\t\t\t\t\t\t\t\t<\/div>\n\t\t\t\t\t\t\t<\/div>\n\t\t<\/div>\n\t\t\t\t\t\t<\/div>\n\t\t\t\t<\/div>\n\t\t\t\t<\/div>\n\t\t\t\t<\/div>\n\t\t\t\t\t<\/div>\n\t\t\t\t<\/div>\n\t\t\t\t<\/div>\n\t\t","protected":false},"excerpt":{"rendered":"<p>Ingeniera en Marketing, Master en gesti\u00f3n comercial y marketing, Magister en direcci\u00f3n y liderazgo para la gesti\u00f3n educativa, Coach Otol\u00f3gico. Diplomado en Liderazgo Emocional. M\u00e1s de 15 a\u00f1os vinculada al \u00e1rea de educaci\u00f3n, con especializaci\u00f3n en la entrega de soluciones educativas a cada instituci\u00f3n ajustada a sus requerimientos y contenido educativo. Viviana Mar\u00edn Guti\u00e9rrezDirecci\u00f3n de [&hellip;]<\/p>\n","protected":false},"author":1,"featured_media":0,"parent":0,"menu_order":0,"comment_status":"closed","ping_status":"closed","template":"","meta":{"footnotes":""},"class_list":["post-36","page","type-page","status-publish","hentry"],"_links":{"self":[{"href":"https:\/\/www.mejorciudadano.cl\/2024\/wp-json\/wp\/v2\/pages\/36","targetHints":{"allow":["GET"]}}],"collection":[{"href":"https:\/\/www.mejorciudadano.cl\/2024\/wp-json\/wp\/v2\/pages"}],"about":[{"href":"https:\/\/www.mejorciudadano.cl\/2024\/wp-json\/wp\/v2\/types\/page"}],"author":[{"embeddable":true,"href":"https:\/\/www.mejorciudadano.cl\/2024\/wp-json\/wp\/v2\/users\/1"}],"replies":[{"embeddable":true,"href":"https:\/\/www.mejorciudadano.cl\/2024\/wp-json\/wp\/v2\/comments?post=36"}],"version-history":[{"count":31,"href":"https:\/\/www.mejorciudadano.cl\/2024\/wp-json\/wp\/v2\/pages\/36\/revisions"}],"predecessor-version":[{"id":211,"href":"https:\/\/www.mejorciudadano.cl\/2024\/wp-json\/wp\/v2\/pages\/36\/revisions\/211"}],"wp:attachment":[{"href":"https:\/\/www.mejorciudadano.cl\/2024\/wp-json\/wp\/v2\/media?parent=36"}],"curies":[{"name":"wp","href":"https:\/\/api.w.org\/{rel}","templated":true}]}}