{"id":34,"date":"2023-12-21T00:54:17","date_gmt":"2023-12-21T00:54:17","guid":{"rendered":"https:\/\/www.mejorciudadano.cl\/2024\/?page_id=34"},"modified":"2025-03-14T02:43:35","modified_gmt":"2025-03-14T02:43:35","slug":"mision-y-vision","status":"publish","type":"page","link":"https:\/\/www.mejorciudadano.cl\/2024\/mision-y-vision\/","title":{"rendered":"Misi\u00f3n y Visi\u00f3n"},"content":{"rendered":"\t\t<div data-elementor-type=\"wp-page\" data-elementor-id=\"34\" class=\"elementor elementor-34\" data-elementor-post-type=\"page\">\n\t\t\t\t<div class=\"aux-parallax-section elementor-element elementor-element-89eecf5 e-flex e-con-boxed e-con e-parent\" data-id=\"89eecf5\" data-element_type=\"container\">\n\t\t\t\t\t<div class=\"e-con-inner\">\n\t\t<div class=\"elementor-element elementor-element-44f005a e-con-full e-flex e-con e-child\" data-id=\"44f005a\" data-element_type=\"container\">\n\t\t\t\t<div class=\"elementor-element elementor-element-75b3874 elementor-widget elementor-widget-heading\" data-id=\"75b3874\" data-element_type=\"widget\" data-widget_type=\"heading.default\">\n\t\t\t\t<div class=\"elementor-widget-container\">\n\t\t\t\t\t<h2 class=\"elementor-heading-title elementor-size-default\">Nosotros<\/h2>\t\t\t\t<\/div>\n\t\t\t\t<\/div>\n\t\t\t\t<\/div>\n\t\t<div class=\"elementor-element elementor-element-640651c e-con-full e-flex e-con e-child\" data-id=\"640651c\" data-element_type=\"container\">\n\t\t<div class=\"elementor-element elementor-element-c3bdd7a e-con-full e-flex e-con e-child\" data-id=\"c3bdd7a\" data-element_type=\"container\">\n\t\t<div class=\"elementor-element elementor-element-87a04f8 e-con-full e-flex e-con e-child\" data-id=\"87a04f8\" data-element_type=\"container\">\n\t\t\t\t<div class=\"elementor-element elementor-element-d480aec elementor-widget elementor-widget-heading\" data-id=\"d480aec\" data-element_type=\"widget\" data-widget_type=\"heading.default\">\n\t\t\t\t<div class=\"elementor-widget-container\">\n\t\t\t\t\t<h2 class=\"elementor-heading-title elementor-size-default\">\u00bf Qu\u00e9 nos mueve ?<\/h2>\t\t\t\t<\/div>\n\t\t\t\t<\/div>\n\t\t\t\t<\/div>\n\t\t\t\t<\/div>\n\t\t\t\t<div class=\"elementor-element elementor-element-df421cc elementor-widget elementor-widget-text-editor\" data-id=\"df421cc\" data-element_type=\"widget\" data-widget_type=\"text-editor.default\">\n\t\t\t\t<div class=\"elementor-widget-container\">\n\t\t\t\t\t\t\t\t\t<p>Nos mueve la pasi\u00f3n por ense\u00f1ar a los dem\u00e1s, por descubrir nuevos aprendizajes, por experimentar el conocimiento de forma que, nos enriquezca, nutra y desarrolle.<\/p><p>De igual forma, que todos podamos crear una nueva forma de ense\u00f1ar y aprender; d\u00f3nde todos seamos incluidos, valorados, respetados, aceptados y amados; y podamos desarrollar nuestro potencial creativo, humano y c\u00edvico, en beneficio de hacer de este mundo un lugar mucho mejor para todos.<\/p>\t\t\t\t\t\t\t\t<\/div>\n\t\t\t\t<\/div>\n\t\t\t\t<\/div>\n\t\t\t\t\t<\/div>\n\t\t\t\t<\/div>\n\t\t<div class=\"aux-parallax-section elementor-element elementor-element-19963fd e-flex e-con-boxed e-con e-parent\" data-id=\"19963fd\" data-element_type=\"container\">\n\t\t\t\t\t<div class=\"e-con-inner\">\n\t\t<div class=\"elementor-element elementor-element-57ec7bf e-con-full e-flex e-con e-child\" data-id=\"57ec7bf\" data-element_type=\"container\">\n\t\t<div class=\"elementor-element elementor-element-af2b6b7 e-con-full e-flex e-con e-child\" data-id=\"af2b6b7\" data-element_type=\"container\">\n\t\t<div class=\"elementor-element elementor-element-1d0dc9c e-con-full e-flex e-con e-child\" data-id=\"1d0dc9c\" data-element_type=\"container\">\n\t\t\t\t<div class=\"elementor-element elementor-element-b8096a1 elementor-widget elementor-widget-heading\" data-id=\"b8096a1\" data-element_type=\"widget\" data-widget_type=\"heading.default\">\n\t\t\t\t<div class=\"elementor-widget-container\">\n\t\t\t\t\t<h2 class=\"elementor-heading-title elementor-size-default\">Misi\u00f3n<\/h2>\t\t\t\t<\/div>\n\t\t\t\t<\/div>\n\t\t\t\t<\/div>\n\t\t\t\t<\/div>\n\t\t\t\t<div class=\"elementor-element elementor-element-9625746 elementor-widget elementor-widget-text-editor\" data-id=\"9625746\" data-element_type=\"widget\" data-widget_type=\"text-editor.default\">\n\t\t\t\t<div class=\"elementor-widget-container\">\n\t\t\t\t\t\t\t\t\t<p>Desarrollar procesos sociales con enfoque tecnol\u00f3gico\u00a0 educativo, democratizando el acceso al aprendizaje de calidad para la vida.<\/p>\t\t\t\t\t\t\t\t<\/div>\n\t\t\t\t<\/div>\n\t\t\t\t<\/div>\n\t\t<div class=\"elementor-element elementor-element-63edf1c e-con-full e-transform elementor-hidden-tablet elementor-hidden-mobile e-flex e-con e-child\" data-id=\"63edf1c\" data-element_type=\"container\" data-settings=\"{&quot;_transform_scaleX_effect&quot;:{&quot;unit&quot;:&quot;px&quot;,&quot;size&quot;:&quot;&quot;,&quot;sizes&quot;:[]},&quot;_transform_scaleX_effect_tablet&quot;:{&quot;unit&quot;:&quot;px&quot;,&quot;size&quot;:&quot;&quot;,&quot;sizes&quot;:[]},&quot;_transform_scaleX_effect_mobile&quot;:{&quot;unit&quot;:&quot;px&quot;,&quot;size&quot;:&quot;&quot;,&quot;sizes&quot;:[]},&quot;_transform_scaleY_effect&quot;:{&quot;unit&quot;:&quot;px&quot;,&quot;size&quot;:&quot;&quot;,&quot;sizes&quot;:[]},&quot;_transform_scaleY_effect_tablet&quot;:{&quot;unit&quot;:&quot;px&quot;,&quot;size&quot;:&quot;&quot;,&quot;sizes&quot;:[]},&quot;_transform_scaleY_effect_mobile&quot;:{&quot;unit&quot;:&quot;px&quot;,&quot;size&quot;:&quot;&quot;,&quot;sizes&quot;:[]}}\">\n\t\t\t\t<div class=\"elementor-element elementor-element-ff4ab83 elementor-widget__width-initial elementor-widget-tablet__width-inherit elementor-widget elementor-widget-video\" data-id=\"ff4ab83\" data-element_type=\"widget\" data-settings=\"{&quot;youtube_url&quot;:&quot;https:\\\/\\\/youtu.be\\\/m_JjvgPjKB8&quot;,&quot;video_type&quot;:&quot;youtube&quot;,&quot;controls&quot;:&quot;yes&quot;}\" data-widget_type=\"video.default\">\n\t\t\t\t<div class=\"elementor-widget-container\">\n\t\t\t\t\t\t\t<div class=\"elementor-wrapper elementor-open-inline\">\n\t\t\t<div class=\"elementor-video\"><\/div>\t\t<\/div>\n\t\t\t\t\t\t<\/div>\n\t\t\t\t<\/div>\n\t\t\t\t<\/div>\n\t\t\t\t\t<\/div>\n\t\t\t\t<\/div>\n\t\t<div class=\"aux-parallax-section elementor-element elementor-element-3e79513 e-flex e-con-boxed e-con e-parent\" data-id=\"3e79513\" data-element_type=\"container\">\n\t\t\t\t\t<div class=\"e-con-inner\">\n\t\t<div class=\"elementor-element elementor-element-aa32818 e-con-full e-flex e-con e-child\" data-id=\"aa32818\" data-element_type=\"container\">\n\t\t<div class=\"elementor-element elementor-element-2fe2277 e-con-full e-flex e-con e-child\" data-id=\"2fe2277\" data-element_type=\"container\">\n\t\t<div class=\"elementor-element elementor-element-43165f8 e-con-full e-flex e-con e-child\" data-id=\"43165f8\" data-element_type=\"container\">\n\t\t\t\t<div class=\"elementor-element elementor-element-f5e4673 elementor-widget elementor-widget-heading\" data-id=\"f5e4673\" data-element_type=\"widget\" data-widget_type=\"heading.default\">\n\t\t\t\t<div class=\"elementor-widget-container\">\n\t\t\t\t\t<h2 class=\"elementor-heading-title elementor-size-default\">Visi\u00f3n<\/h2>\t\t\t\t<\/div>\n\t\t\t\t<\/div>\n\t\t\t\t<\/div>\n\t\t\t\t<\/div>\n\t\t\t\t<div class=\"elementor-element elementor-element-597283d elementor-widget elementor-widget-text-editor\" data-id=\"597283d\" data-element_type=\"widget\" data-widget_type=\"text-editor.default\">\n\t\t\t\t<div class=\"elementor-widget-container\">\n\t\t\t\t\t\t\t\t\t<p>Ser pioneros, a trav\u00e9s de la innovaci\u00f3n disruptiva, en el proceso de acompa\u00f1amiento y formaci\u00f3n educativa, capaces de impactar en la construcci\u00f3n de los ciuddadanos del futuro.<\/p>\t\t\t\t\t\t\t\t<\/div>\n\t\t\t\t<\/div>\n\t\t\t\t<\/div>\n\t\t<div class=\"elementor-element elementor-element-7cd92b6 e-con-full e-flex e-con e-child\" data-id=\"7cd92b6\" data-element_type=\"container\">\n\t\t\t\t<div class=\"elementor-element elementor-element-cac287f elementor-widget__width-initial elementor-widget-tablet__width-initial elementor-invisible elementor-widget elementor-widget-video\" data-id=\"cac287f\" data-element_type=\"widget\" data-settings=\"{&quot;youtube_url&quot;:&quot;https:\\\/\\\/youtu.be\\\/ux7myU8-Pgw&quot;,&quot;_animation&quot;:&quot;fadeIn&quot;,&quot;video_type&quot;:&quot;youtube&quot;,&quot;controls&quot;:&quot;yes&quot;}\" data-widget_type=\"video.default\">\n\t\t\t\t<div class=\"elementor-widget-container\">\n\t\t\t\t\t\t\t<div class=\"elementor-wrapper elementor-open-inline\">\n\t\t\t<div class=\"elementor-video\"><\/div>\t\t<\/div>\n\t\t\t\t\t\t<\/div>\n\t\t\t\t<\/div>\n\t\t\t\t<\/div>\n\t\t\t\t\t<\/div>\n\t\t\t\t<\/div>\n\t\t<div class=\"aux-parallax-section elementor-element elementor-element-e0b214a e-flex e-con-boxed e-con e-parent\" data-id=\"e0b214a\" data-element_type=\"container\">\n\t\t\t\t\t<div class=\"e-con-inner\">\n\t\t\t\t<div class=\"elementor-element elementor-element-5cddd8f elementor-widget elementor-widget-heading\" data-id=\"5cddd8f\" data-element_type=\"widget\" data-widget_type=\"heading.default\">\n\t\t\t\t<div class=\"elementor-widget-container\">\n\t\t\t\t\t<h2 class=\"elementor-heading-title elementor-size-default\"><a href=\"https:\/\/drive.google.com\/file\/d\/1uf90ZSSoCjfqyV0itpgjThlUh4_3NdKg\/view?usp=drive_link\" target=\"_blank\">PROGRAMA DE INTEGRIDAD<\/a><\/h2>\t\t\t\t<\/div>\n\t\t\t\t<\/div>\n\t\t\t\t\t<\/div>\n\t\t\t\t<\/div>\n\t\t\t\t<\/div>\n\t\t","protected":false},"excerpt":{"rendered":"<p>Nosotros \u00bf Qu\u00e9 nos mueve ? Nos mueve la pasi\u00f3n por ense\u00f1ar a los dem\u00e1s, por descubrir nuevos aprendizajes, por experimentar el conocimiento de forma que, nos enriquezca, nutra y desarrolle. De igual forma, que todos podamos crear una nueva forma de ense\u00f1ar y aprender; d\u00f3nde todos seamos incluidos, valorados, respetados, aceptados y amados; y [&hellip;]<\/p>\n","protected":false},"author":1,"featured_media":0,"parent":0,"menu_order":0,"comment_status":"closed","ping_status":"closed","template":"","meta":{"footnotes":""},"class_list":["post-34","page","type-page","status-publish","hentry"],"_links":{"self":[{"href":"https:\/\/www.mejorciudadano.cl\/2024\/wp-json\/wp\/v2\/pages\/34","targetHints":{"allow":["GET"]}}],"collection":[{"href":"https:\/\/www.mejorciudadano.cl\/2024\/wp-json\/wp\/v2\/pages"}],"about":[{"href":"https:\/\/www.mejorciudadano.cl\/2024\/wp-json\/wp\/v2\/types\/page"}],"author":[{"embeddable":true,"href":"https:\/\/www.mejorciudadano.cl\/2024\/wp-json\/wp\/v2\/users\/1"}],"replies":[{"embeddable":true,"href":"https:\/\/www.mejorciudadano.cl\/2024\/wp-json\/wp\/v2\/comments?post=34"}],"version-history":[{"count":70,"href":"https:\/\/www.mejorciudadano.cl\/2024\/wp-json\/wp\/v2\/pages\/34\/revisions"}],"predecessor-version":[{"id":429,"href":"https:\/\/www.mejorciudadano.cl\/2024\/wp-json\/wp\/v2\/pages\/34\/revisions\/429"}],"wp:attachment":[{"href":"https:\/\/www.mejorciudadano.cl\/2024\/wp-json\/wp\/v2\/media?parent=34"}],"curies":[{"name":"wp","href":"https:\/\/api.w.org\/{rel}","templated":true}]}}